{"id":9,"date":"2024-07-25T14:47:06","date_gmt":"2024-07-25T14:47:06","guid":{"rendered":"http:\/\/mozinartscom.wordpress.com\/?page_id=1"},"modified":"2025-09-19T16:41:30","modified_gmt":"2025-09-19T14:41:30","slug":"infos-pratiques","status":"publish","type":"page","link":"https:\/\/mozinarts.com\/index.php\/infos-pratiques\/","title":{"rendered":"INFOS PRATIQUES"},"content":{"rendered":"\n<div class=\"wp-block-group alignwide has-global-padding is-content-justification-center is-layout-constrained wp-container-core-group-is-layout-df757ecc wp-block-group-is-layout-constrained\" style=\"margin-top:0;margin-bottom:0;padding-top:calc( 0.5 * var(--wp--style--root--padding-right, var(--wp--custom--gap--horizontal)));padding-right:var(--wp--style--root--padding-right, var(--wp--custom--gap--horizontal));padding-bottom:calc( 0.5 * var(--wp--style--root--padding-right, var(--wp--custom--gap--horizontal)));padding-left:var(--wp--style--root--padding-left, var(--wp--custom--gap--horizontal))\">\n<div class=\"wp-block-columns alignwide is-layout-flex wp-container-core-columns-is-layout-28f84493 wp-block-columns-is-layout-flex\">\n<div class=\"wp-block-column is-vertically-aligned-stretch is-layout-flow wp-block-column-is-layout-flow\" style=\"flex-basis:33.33%\">\n<h2 class=\"wp-block-heading alignwide\"><em>MOZINOR<\/em><\/h2>\n\n\n\n<div class=\"wp-block-group alignwide is-vertical is-layout-flex wp-container-core-group-is-layout-fe9cc265 wp-block-group-is-layout-flex\">\n<p>2 Avenue du Pr\u00e9sident Salvador Allende, <br>93100 Montreuil, 4\u1d49 \u00e9tage<\/p>\n<\/div>\n\n\n\n<p><\/p>\n\n\n\n<figure class=\"wp-block-image size-full is-resized\"><noscript><img loading=\"lazy\" decoding=\"async\" width=\"1024\" height=\"686\" data-skip-lazy src=\"http:\/\/mozinarts.com\/wp-content\/uploads\/2024\/09\/mozinor-montreuil-nuit-beau.jpg\" alt=\"\" class=\"wp-image-833\" style=\"width:300px;height:auto\" srcset=\"https:\/\/mozinarts.com\/wp-content\/uploads\/2024\/09\/mozinor-montreuil-nuit-beau.jpg 1024w, https:\/\/mozinarts.com\/wp-content\/uploads\/2024\/09\/mozinor-montreuil-nuit-beau-300x201.jpg 300w, https:\/\/mozinarts.com\/wp-content\/uploads\/2024\/09\/mozinor-montreuil-nuit-beau-768x515.jpg 768w\" sizes=\"auto, (max-width: 1024px) 100vw, 1024px\" \/><\/noscript><img loading=\"eager\" decoding=\"async\" width=\"1024\" height=\"686\" src=\"http:\/\/mozinarts.com\/wp-content\/uploads\/2024\/09\/mozinor-montreuil-nuit-beau.jpg\" alt class=\"wp-image-833 vp-lazyload\" style=\"width:300px;height:auto\" srcset=\"data:image\/svg+xml;base64,PHN2ZyB3aWR0aD0iMTAyNCIgaGVpZ2h0PSI2ODYiIHZpZXdCb3g9IjAgMCAxMDI0IDY4NiIgZmlsbD0ibm9uZSIgeG1sbnM9Imh0dHA6Ly93d3cudzMub3JnLzIwMDAvc3ZnIj48L3N2Zz4=\" data-src=\"http:\/\/mozinarts.com\/wp-content\/uploads\/2024\/09\/mozinor-montreuil-nuit-beau.jpg\" data-srcset=\"https:\/\/mozinarts.com\/wp-content\/uploads\/2024\/09\/mozinor-montreuil-nuit-beau.jpg 1024w, https:\/\/mozinarts.com\/wp-content\/uploads\/2024\/09\/mozinor-montreuil-nuit-beau-300x201.jpg 300w, https:\/\/mozinarts.com\/wp-content\/uploads\/2024\/09\/mozinor-montreuil-nuit-beau-768x515.jpg 768w\" data-sizes=\"auto\"><\/figure>\n\n\n\n<h2 class=\"wp-block-heading alignwide\"><em>MOZIN&rsquo;ART<\/em>S<\/h2>\n\n\n\n<figure class=\"wp-block-image size-full is-resized\"><a href=\"https:\/\/mozinarts.com\/index.php\/plan-festival\/\" target=\"_blank\" rel=\"Plan\"><noscript><img loading=\"lazy\" decoding=\"async\" width=\"1772\" height=\"1616\" data-skip-lazy src=\"https:\/\/mozinarts.com\/wp-content\/uploads\/2025\/08\/Plan-de-travail-10-copie-13@0.5x-80.jpg\" alt=\"\" class=\"wp-image-4313\" style=\"width:300px;height:auto\" srcset=\"https:\/\/mozinarts.com\/wp-content\/uploads\/2025\/08\/Plan-de-travail-10-copie-13@0.5x-80.jpg 1772w, https:\/\/mozinarts.com\/wp-content\/uploads\/2025\/08\/Plan-de-travail-10-copie-13@0.5x-80-300x274.jpg 300w, https:\/\/mozinarts.com\/wp-content\/uploads\/2025\/08\/Plan-de-travail-10-copie-13@0.5x-80-1024x934.jpg 1024w, https:\/\/mozinarts.com\/wp-content\/uploads\/2025\/08\/Plan-de-travail-10-copie-13@0.5x-80-768x700.jpg 768w, https:\/\/mozinarts.com\/wp-content\/uploads\/2025\/08\/Plan-de-travail-10-copie-13@0.5x-80-1536x1401.jpg 1536w, https:\/\/mozinarts.com\/wp-content\/uploads\/2025\/08\/Plan-de-travail-10-copie-13@0.5x-80-500x456.jpg 500w, https:\/\/mozinarts.com\/wp-content\/uploads\/2025\/08\/Plan-de-travail-10-copie-13@0.5x-80-800x730.jpg 800w, https:\/\/mozinarts.com\/wp-content\/uploads\/2025\/08\/Plan-de-travail-10-copie-13@0.5x-80-1280x1167.jpg 1280w\" sizes=\"auto, (max-width: 1772px) 100vw, 1772px\" \/><\/noscript><img loading=\"eager\" decoding=\"async\" width=\"1772\" height=\"1616\" src=\"https:\/\/mozinarts.com\/wp-content\/uploads\/2025\/08\/Plan-de-travail-10-copie-13@0.5x-80.jpg\" alt class=\"wp-image-4313 vp-lazyload\" style=\"width:300px;height:auto\" srcset=\"data:image\/svg+xml;base64,PHN2ZyB3aWR0aD0iMTc3MiIgaGVpZ2h0PSIxNjE2IiB2aWV3Qm94PSIwIDAgMTc3MiAxNjE2IiBmaWxsPSJub25lIiB4bWxucz0iaHR0cDovL3d3dy53My5vcmcvMjAwMC9zdmciPjwvc3ZnPg==\" data-src=\"https:\/\/mozinarts.com\/wp-content\/uploads\/2025\/08\/Plan-de-travail-10-copie-13@0.5x-80.jpg\" data-srcset=\"https:\/\/mozinarts.com\/wp-content\/uploads\/2025\/08\/Plan-de-travail-10-copie-13@0.5x-80.jpg 1772w, https:\/\/mozinarts.com\/wp-content\/uploads\/2025\/08\/Plan-de-travail-10-copie-13@0.5x-80-300x274.jpg 300w, https:\/\/mozinarts.com\/wp-content\/uploads\/2025\/08\/Plan-de-travail-10-copie-13@0.5x-80-1024x934.jpg 1024w, https:\/\/mozinarts.com\/wp-content\/uploads\/2025\/08\/Plan-de-travail-10-copie-13@0.5x-80-768x700.jpg 768w, https:\/\/mozinarts.com\/wp-content\/uploads\/2025\/08\/Plan-de-travail-10-copie-13@0.5x-80-1536x1401.jpg 1536w, https:\/\/mozinarts.com\/wp-content\/uploads\/2025\/08\/Plan-de-travail-10-copie-13@0.5x-80-500x456.jpg 500w, https:\/\/mozinarts.com\/wp-content\/uploads\/2025\/08\/Plan-de-travail-10-copie-13@0.5x-80-800x730.jpg 800w, https:\/\/mozinarts.com\/wp-content\/uploads\/2025\/08\/Plan-de-travail-10-copie-13@0.5x-80-1280x1167.jpg 1280w\" data-sizes=\"auto\"><\/a><\/figure>\n<\/div>\n\n\n\n<div class=\"wp-block-column is-layout-flow wp-block-column-is-layout-flow\" style=\"flex-basis:66.66%\">\n<div class=\"wp-block-group alignwide is-layout-flow wp-container-core-group-is-layout-a77db08e wp-block-group-is-layout-flow\">\n<h2 class=\"wp-block-heading has-text-align-left has-large-font-size\">Infos pratiques<\/h2>\n<\/div>\n\n\n\n<div class=\"wp-block-group alignwide is-layout-flow wp-container-core-group-is-layout-a77db08e wp-block-group-is-layout-flow\">\n<hr class=\"wp-block-separator has-alpha-channel-opacity\"\/>\n\n\n\n<div style=\"height:22px\" aria-hidden=\"true\" class=\"wp-block-spacer\"><\/div>\n\n\n\n<p><em>Acc\u00e8s libre jusqu&rsquo;\u00e0 20h &#8211; Sur r\u00e9servation \u00e0 partir de 20h00<\/em><\/p>\n\n\n\n<div style=\"height:22px\" aria-hidden=\"true\" class=\"wp-block-spacer\"><\/div>\n\n\n\n<hr class=\"wp-block-separator has-alpha-channel-opacity\"\/>\n<\/div>\n\n\n\n<p>VENDREDI 19 SEPTEMBRE DE 18h00 \u00c0 00h00<\/p>\n\n\n\n<p>SAMEDI 20 SEPTEMBRE DE 11h00 \u00c0 00h00<\/p>\n\n\n\n<p>DIMANCHE 21 SEPTEMBRE DE 11h00 \u00c0 19h00<\/p>\n\n\n\n<div class=\"wp-block-group alignwide is-layout-flow wp-container-core-group-is-layout-a77db08e wp-block-group-is-layout-flow\">\n<div class=\"wp-block-group is-layout-grid wp-container-core-group-is-layout-1faaf1ad wp-block-group-is-layout-grid\" style=\"padding-top:var(--wp--preset--spacing--20);padding-bottom:var(--wp--preset--spacing--20)\">\n<div class=\"wp-block-group wp-container-content-b693b0f8 is-vertical is-content-justification-stretch is-layout-flex wp-container-core-group-is-layout-7e003bba wp-block-group-is-layout-flex\">\n<h4 class=\"wp-block-heading is-event-name\">RESTAURATION SUR PLACE<\/h4>\n\n\n\n<hr class=\"wp-block-separator has-alpha-channel-opacity\"\/>\n\n\n\n<p><strong>P\u00e2tisserie Chapel<\/strong> : stand de cr\u00eapes, g\u00e2teaux inspir\u00e9s de l\u2019architecture de Mozinor (samedi : 11h-minuit \/ dimanche : 11h &#8211; 20h)<\/p>\n\n\n\n<p><strong>Minimozi<\/strong> : conteneur-food unique, install\u00e9 sur le rooftop de Mozinor<\/p>\n\n\n\n<p><strong>Le Chinois<\/strong> : partenaire concerts, ensemble de boissons et sandwichs italiens<\/p>\n\n\n\n<p><\/p>\n<\/div>\n<\/div>\n\n\n\n<div class=\"wp-block-group is-layout-grid wp-container-core-group-is-layout-1faaf1ad wp-block-group-is-layout-grid\" style=\"padding-top:var(--wp--preset--spacing--20);padding-bottom:var(--wp--preset--spacing--20)\">\n<div class=\"wp-block-group wp-container-content-b693b0f8 is-vertical is-content-justification-stretch is-layout-flex wp-container-core-group-is-layout-7e003bba wp-block-group-is-layout-flex\">\n<h4 class=\"wp-block-heading is-event-name\">M\u00c9TRO <\/h4>\n\n\n\n<hr class=\"wp-block-separator has-alpha-channel-opacity\"\/>\n\n\n\n<p>Ligne 9 arr\u00eat Mairie de Montreuil<\/p>\n\n\n\n<p>Ligne 11 arr\u00eat Montreuil-H\u00f4pital ou La Dhuys<\/p>\n\n\n\n<p><\/p>\n<\/div>\n<\/div>\n\n\n\n<div class=\"wp-block-group is-layout-grid wp-container-core-group-is-layout-659b74ba wp-block-group-is-layout-grid\" style=\"border-top-color:var(--wp--preset--color--theme-2);border-top-width:1px;padding-top:var(--wp--preset--spacing--20);padding-bottom:var(--wp--preset--spacing--20)\">\n<div class=\"wp-block-group wp-container-content-9c77b0fe is-vertical is-content-justification-stretch is-layout-flex wp-container-core-group-is-layout-7e003bba wp-block-group-is-layout-flex\">\n<h5 class=\"wp-block-heading is-event-name\">BUS<\/h5>\n\n\n\n<hr class=\"wp-block-separator has-alpha-channel-opacity\"\/>\n\n\n\n<p class=\"is-event-date is-event-time has-small-font-size\">Ligne 102 arr\u00eat Cesaria Evora<\/p>\n\n\n\n<p class=\"is-event-date is-event-time has-small-font-size\">Ligne 202 arr\u00eat Cesaria Evora<\/p>\n\n\n\n<p class=\"is-event-date is-event-time has-small-font-size\">Ligne 116 arr\u00eat Edouard Branly<\/p>\n\n\n\n<p class=\"is-event-date is-event-time has-small-font-size\">Ligne 121 arr\u00eat Edouard Branly<\/p>\n<\/div>\n<\/div>\n<\/div>\n\n\n\n<iframe src=\"https:\/\/www.google.com\/maps\/embed?pb=!1m18!1m12!1m3!1d5248.925748764662!2d2.454192611494014!3d48.8684519998796!2m3!1f0!2f0!3f0!3m2!1i1024!2i768!4f13.1!3m3!1m2!1s0x47e66d4caab0f185%3A0xa54dbd9693946141!2sMozinor!5e0!3m2!1sfr!2sfr!4v1722418069074!5m2!1sfr!2sfr\" width=\"600\" height=\"450\" style=\"border:0;\" allowfullscreen=\"\" loading=\"lazy\" referrerpolicy=\"no-referrer-when-downgrade\"><\/iframe>\n\n\n\n<p><\/p>\n\n\n\n<div class=\"wp-block-group alignwide is-layout-flow wp-container-core-group-is-layout-a77db08e wp-block-group-is-layout-flow\"><\/div>\n<\/div>\n<\/div>\n<\/div>\n","protected":false},"excerpt":{"rendered":"<p>MOZINOR 2 Avenue du Pr\u00e9sident Salvador Allende, 93100 Montreuil, 4\u1d49 \u00e9tage MOZIN&rsquo;ARTS Infos pratiques Acc\u00e8s libre jusqu&rsquo;\u00e0 20h &#8211; Sur r\u00e9servation \u00e0 partir de 20h00 VENDREDI 19 SEPTEMBRE DE 18h00 \u00c0 00h00 SAMEDI 20 SEPTEMBRE DE 11h00 \u00c0 00h00 DIMANCHE 21 SEPTEMBRE DE 11h00 \u00c0 19h00 RESTAURATION SUR PLACE P\u00e2tisserie Chapel : stand de cr\u00eapes, [&hellip;]<\/p>\n","protected":false},"author":1,"featured_media":0,"parent":0,"menu_order":5,"comment_status":"closed","ping_status":"closed","template":"","meta":{"_vp_format_video_url":"","_vp_image_focal_point":[],"footnotes":""},"class_list":["post-9","page","type-page","status-publish","hentry"],"_links":{"self":[{"href":"https:\/\/mozinarts.com\/index.php\/wp-json\/wp\/v2\/pages\/9","targetHints":{"allow":["GET"]}}],"collection":[{"href":"https:\/\/mozinarts.com\/index.php\/wp-json\/wp\/v2\/pages"}],"about":[{"href":"https:\/\/mozinarts.com\/index.php\/wp-json\/wp\/v2\/types\/page"}],"author":[{"embeddable":true,"href":"https:\/\/mozinarts.com\/index.php\/wp-json\/wp\/v2\/users\/1"}],"replies":[{"embeddable":true,"href":"https:\/\/mozinarts.com\/index.php\/wp-json\/wp\/v2\/comments?post=9"}],"version-history":[{"count":26,"href":"https:\/\/mozinarts.com\/index.php\/wp-json\/wp\/v2\/pages\/9\/revisions"}],"predecessor-version":[{"id":5188,"href":"https:\/\/mozinarts.com\/index.php\/wp-json\/wp\/v2\/pages\/9\/revisions\/5188"}],"wp:attachment":[{"href":"https:\/\/mozinarts.com\/index.php\/wp-json\/wp\/v2\/media?parent=9"}],"curies":[{"name":"wp","href":"https:\/\/api.w.org\/{rel}","templated":true}]}}