{"id":451,"date":"2024-07-31T11:57:36","date_gmt":"2024-07-31T09:57:36","guid":{"rendered":"http:\/\/mozinarts.com\/?page_id=451"},"modified":"2025-04-15T15:07:53","modified_gmt":"2025-04-15T13:07:53","slug":"equipe-technique","status":"publish","type":"page","link":"https:\/\/mozinarts.com\/index.php\/equipe-technique\/","title":{"rendered":"TEAM 2024"},"content":{"rendered":"\n<div class=\"wp-block-group alignfull has-global-padding is-content-justification-center is-layout-constrained wp-block-group-is-layout-constrained\" style=\"margin-top:0;margin-bottom:0\">\n<div style=\"height:var(--wp--preset--spacing--40)\" aria-hidden=\"true\" class=\"wp-block-spacer\"><\/div>\n\n\n\n<h3 class=\"wp-block-heading has-text-align-center\">Team 2024<\/h3>\n\n\n\n<div style=\"height:var(--wp--preset--spacing--20)\" aria-hidden=\"true\" class=\"wp-block-spacer\"><\/div>\n\n\n\n<div class=\"wp-block-columns alignwide is-layout-flex wp-container-core-columns-is-layout-d0846407 wp-block-columns-is-layout-flex\">\n<div class=\"wp-block-column is-layout-flow wp-block-column-is-layout-flow\">\n<h3 class=\"wp-block-heading has-text-align-center has-small-font-size\"><strong>Direction<\/strong><\/h3>\n\n\n\n<p class=\"has-text-align-center\">V\u00e9ronique Bourgoin &amp; Fabrique des Illusions<\/p>\n\n\n\n<p class=\"has-text-align-center\"><\/p>\n<\/div>\n\n\n\n<div class=\"wp-block-column is-layout-flow wp-block-column-is-layout-flow\">\n<h3 class=\"wp-block-heading has-text-align-center has-small-font-size\"><strong>Co-programmation<\/strong><\/h3>\n\n\n\n<p class=\"has-text-align-center\">Marion Hislen, Michel Poivert, Royal Book Lodge<br><em>Programmation musicale <\/em>: Jeanne Susin<\/p>\n<\/div>\n\n\n\n<div class=\"wp-block-column is-layout-flow wp-block-column-is-layout-flow\">\n<h4 class=\"wp-block-heading has-text-align-center has-small-font-size\"><strong>\u00c9quipe technique<\/strong><\/h4>\n\n\n\n<p class=\"has-text-align-center\"><em>R\u00e9gisseur g\u00e9n\u00e9ral<\/em> : Yanis Houssen, <em>Assistant-e-s r\u00e9gie<\/em> : H\u00e9l\u00e8ne Lamy-Au-Rousseau, Jean-Louis Leibovitch, R\u00e9my Comment<br><em>Technicien audiovisuel<\/em> : Mirron Mitzkewich<br><em>Cheffe \u00e9lectro<\/em> : Mano Boucart<\/p>\n\n\n\n<p><\/p>\n\n\n\n<p><\/p>\n<\/div>\n\n\n\n<div class=\"wp-block-column is-layout-flow wp-block-column-is-layout-flow\">\n<h3 class=\"wp-block-heading has-text-align-center has-small-font-size\"><strong>Administration et coordination<\/strong><\/h3>\n\n\n\n<p class=\"has-text-align-center\">Catherine Gorgeon, Jos\u00e9phine Mathis, Tiphaine Duch\u00e2teau<\/p>\n\n\n\n<div class=\"wp-block-group is-vertical is-layout-flex wp-container-core-group-is-layout-fe9cc265 wp-block-group-is-layout-flex\"><\/div>\n<\/div>\n\n\n\n<div class=\"wp-block-column is-layout-flow wp-block-column-is-layout-flow\">\n<h4 class=\"wp-block-heading has-text-align-center has-small-font-size\"><strong>Web Design, design graphisme<\/strong><\/h4>\n\n\n\n<p class=\"has-text-align-center\">Martin Lafaye, Amandine Gamarra, Awenn Olivier, Zofia Dzialkowska, Marta Schoellkopf<\/p>\n<\/div>\n<\/div>\n\n\n\n<div style=\"height:var(--wp--preset--spacing--40)\" aria-hidden=\"true\" class=\"wp-block-spacer\"><\/div>\n<\/div>\n\n\n\n<div class=\"wp-block-group alignfull has-global-padding is-content-justification-center is-layout-constrained wp-block-group-is-layout-constrained\" style=\"margin-top:0;margin-bottom:0\">\n<h3 class=\"wp-block-heading has-text-align-center\"><\/h3>\n\n\n\n<div class=\"wp-block-columns alignwide is-layout-flex wp-container-core-columns-is-layout-d0846407 wp-block-columns-is-layout-flex\">\n<div class=\"wp-block-column is-layout-flow wp-block-column-is-layout-flow\">\n<h3 class=\"wp-block-heading has-text-align-center has-small-font-size\"><strong>Construction sc\u00e8ne ext\u00e9rieure<\/strong><\/h3>\n\n\n\n<div class=\"wp-block-group is-vertical is-content-justification-center is-layout-flex wp-container-core-group-is-layout-ce155fab wp-block-group-is-layout-flex\">\n<p class=\"has-text-align-center\">Th\u00e9\u00e2tre Municipal Berthelot Jean Guerrin, Atelier VINGT POINT DOUZE, La Ressourcerie du cin\u00e9ma,<br><em>Ing\u00e9nieur son<\/em> : Vincent Joinville<br><em>Assistants son<\/em> : Milo Marret et Oleg Ossina<br><em>Mat\u00e9riel son <\/em>: Milo Marret<\/p>\n<\/div>\n\n\n\n<p class=\"has-text-align-center\"><\/p>\n<\/div>\n\n\n\n<div class=\"wp-block-column is-layout-flow wp-block-column-is-layout-flow\">\n<h3 class=\"wp-block-heading has-text-align-center has-small-font-size\"><strong>Construction sc\u00e8ne int\u00e9rieure<\/strong><\/h3>\n\n\n\n<div class=\"wp-block-group is-vertical is-content-justification-center is-layout-flex wp-container-core-group-is-layout-ce155fab wp-block-group-is-layout-flex\">\n<p class=\"has-text-align-center\"><em>Cr\u00e9ation<\/em> : Julien Taylor<br><em>Assistant<\/em> : William Buridan<br><em>Mat\u00e9riel sc\u00e9nographie<\/em> : La Ressourcerie du cin\u00e9ma<br><em>Ing\u00e9nieur son<\/em> : Vincent Joinville<br><em>Mat\u00e9riel son<\/em> : Romain Frydmann<\/p>\n<\/div>\n\n\n\n<p class=\"has-text-align-center\"><\/p>\n<\/div>\n\n\n\n<div class=\"wp-block-column is-layout-flow wp-block-column-is-layout-flow\">\n<h3 class=\"wp-block-heading has-text-align-center has-small-font-size\"><strong>Bar<\/strong><\/h3>\n\n\n\n<p class=\"has-text-align-center\">Le Chinois Montreuil<\/p>\n\n\n\n<p class=\"has-text-align-center\"><\/p>\n<\/div>\n\n\n\n<div class=\"wp-block-column is-layout-flow wp-block-column-is-layout-flow\">\n<h3 class=\"wp-block-heading has-text-align-center has-small-font-size\"><strong>Montage salle \u00e9ditions multiples<\/strong><\/h3>\n\n\n\n<div class=\"wp-block-group is-vertical is-content-justification-center is-layout-flex wp-container-core-group-is-layout-ce155fab wp-block-group-is-layout-flex\">\n<p class=\"has-text-align-center\"><em>Direction :<\/em> Juli Susin, Royal Book Lodge, Atelier Reflexe<br><em>Assistante<\/em> : Jos\u00e9phine Mathis <br><em>Exposants partenaires<\/em> : Atelier Erwan Boulloud, Anjuna, Carrafont, Verre aux \u00e9clats, Enzyme, PPA   <\/p>\n<\/div>\n\n\n\n<p class=\"has-text-align-center\"><\/p>\n<\/div>\n\n\n\n<div class=\"wp-block-column is-layout-flow wp-block-column-is-layout-flow\">\n<h3 class=\"wp-block-heading has-text-align-center has-small-font-size\"><strong>Impression flyer<\/strong><\/h3>\n\n\n\n<p class=\"has-text-align-center\">PPA, Mozinor Montreuil<\/p>\n<\/div>\n\n\n\n<div class=\"wp-block-column is-layout-flow wp-block-column-is-layout-flow\">\n<h3 class=\"wp-block-heading has-text-align-center has-small-font-size\"><strong>Impression signal\u00e9tique<\/strong><\/h3>\n\n\n\n<div class=\"wp-block-group is-vertical is-content-justification-center is-layout-flex wp-container-core-group-is-layout-ce155fab wp-block-group-is-layout-flex\">\n<p class=\"has-text-align-center\">Prestimage, Mozinor Montreuil<\/p>\n<\/div>\n\n\n\n<p class=\"has-text-align-center\"><\/p>\n<\/div>\n<\/div>\n\n\n\n<div style=\"height:18px\" aria-hidden=\"true\" class=\"wp-block-spacer\"><\/div>\n<\/div>\n\n\n\n<h2 class=\"wp-block-heading alignwide has-text-align-center has-small-font-size\">Nous remercions la direction Mozinor, et son \u00e9quipe ainsi que le r\u00e9gisseur de Mozinor et son \u00e9quipe.<\/h2>\n\n\n\n<div style=\"height:197px\" aria-hidden=\"true\" class=\"wp-block-spacer\"><\/div>\n","protected":false},"excerpt":{"rendered":"<p>Team 2024 Direction V\u00e9ronique Bourgoin &amp; Fabrique des Illusions Co-programmation Marion Hislen, Michel Poivert, Royal Book LodgeProgrammation musicale : Jeanne Susin \u00c9quipe technique R\u00e9gisseur g\u00e9n\u00e9ral : Yanis Houssen, Assistant-e-s r\u00e9gie : H\u00e9l\u00e8ne Lamy-Au-Rousseau, Jean-Louis Leibovitch, R\u00e9my CommentTechnicien audiovisuel : Mirron MitzkewichCheffe \u00e9lectro : Mano Boucart Administration et coordination Catherine Gorgeon, Jos\u00e9phine Mathis, Tiphaine Duch\u00e2teau Web [&hellip;]<\/p>\n","protected":false},"author":1,"featured_media":0,"parent":0,"menu_order":9,"comment_status":"closed","ping_status":"closed","template":"","meta":{"_vp_format_video_url":"","_vp_image_focal_point":[],"footnotes":""},"class_list":["post-451","page","type-page","status-publish","hentry"],"_links":{"self":[{"href":"https:\/\/mozinarts.com\/index.php\/wp-json\/wp\/v2\/pages\/451","targetHints":{"allow":["GET"]}}],"collection":[{"href":"https:\/\/mozinarts.com\/index.php\/wp-json\/wp\/v2\/pages"}],"about":[{"href":"https:\/\/mozinarts.com\/index.php\/wp-json\/wp\/v2\/types\/page"}],"author":[{"embeddable":true,"href":"https:\/\/mozinarts.com\/index.php\/wp-json\/wp\/v2\/users\/1"}],"replies":[{"embeddable":true,"href":"https:\/\/mozinarts.com\/index.php\/wp-json\/wp\/v2\/comments?post=451"}],"version-history":[{"count":44,"href":"https:\/\/mozinarts.com\/index.php\/wp-json\/wp\/v2\/pages\/451\/revisions"}],"predecessor-version":[{"id":3514,"href":"https:\/\/mozinarts.com\/index.php\/wp-json\/wp\/v2\/pages\/451\/revisions\/3514"}],"wp:attachment":[{"href":"https:\/\/mozinarts.com\/index.php\/wp-json\/wp\/v2\/media?parent=451"}],"curies":[{"name":"wp","href":"https:\/\/api.w.org\/{rel}","templated":true}]}}